{"id":1338,"date":"2024-11-22T08:51:21","date_gmt":"2024-11-22T08:51:21","guid":{"rendered":"https:\/\/www.agrofortuny.com\/avis-legal\/"},"modified":"2024-11-25T10:02:50","modified_gmt":"2024-11-25T10:02:50","slug":"aviso-legal","status":"publish","type":"page","link":"https:\/\/www.agrofortuny.com\/es\/aviso-legal\/","title":{"rendered":"Aviso legal y condiciones de uso"},"content":{"rendered":"<div class=\"fusion-fullwidth fullwidth-box fusion-builder-row-1 fusion-flex-container has-pattern-background has-mask-background nonhundred-percent-fullwidth non-hundred-percent-height-scrolling\" style=\"--awb-border-radius-top-left:0px;--awb-border-radius-top-right:0px;--awb-border-radius-bottom-right:0px;--awb-border-radius-bottom-left:0px;--awb-flex-wrap:wrap;\" ><div class=\"fusion-builder-row fusion-row fusion-flex-align-items-flex-start fusion-flex-content-wrap\" style=\"max-width:1248px;margin-left: calc(-4% \/ 2 );margin-right: calc(-4% \/ 2 );\"><div class=\"fusion-layout-column fusion_builder_column fusion-builder-column-0 fusion_builder_column_1_1 1_1 fusion-flex-column\" style=\"--awb-bg-size:cover;--awb-width-large:100%;--awb-margin-top-large:0px;--awb-spacing-right-large:1.92%;--awb-margin-bottom-large:0px;--awb-spacing-left-large:1.92%;--awb-width-medium:100%;--awb-order-medium:0;--awb-spacing-right-medium:1.92%;--awb-spacing-left-medium:1.92%;--awb-width-small:100%;--awb-order-small:0;--awb-spacing-right-small:1.92%;--awb-spacing-left-small:1.92%;\"><div class=\"fusion-column-wrapper fusion-column-has-shadow fusion-flex-justify-content-flex-start fusion-content-layout-column\"><div class=\"fusion-text fusion-text-1\"><p><strong><span style=\"vertical-align: inherit;\"><span style=\"vertical-align: inherit;\">LEY DE LOS SERVICIOS DE LA SOCIEDAD DE LA INFORMACI\u00d3N (LSSI)<\/span><\/span><\/strong><\/p>\n<p><span style=\"vertical-align: inherit;\"><span style=\"vertical-align: inherit;\">AGRO-PECUARIS FORTUNY, SL, responsable del sitio web, en adelante el RESPONSABLE, pone a disposici\u00f3n de los usuarios este documento, con el que pretende hacer cumplir las obligaciones que establece la Ley 34\/2002, de 11 de julio, de Servicios de la Sociedad de la Informaci\u00f3n y de Comercio Electr\u00f3nico (LSSICE), BOE N.\u00ba 166, as\u00ed como informar a todos los usuarios del sitio web sobre cu\u00e1les son las condiciones de uso.<\/span><\/span><\/p>\n<p><span style=\"vertical-align: inherit;\"><span style=\"vertical-align: inherit;\">Cualquier persona que acceda a este sitio web asume el papel de usuario y se compromete a la observancia y cumplimiento riguroso de las disposiciones que se establecen, as\u00ed como a cualquier otra disposici\u00f3n legal se le aplique.<\/span><\/span><\/p>\n<p><span style=\"vertical-align: inherit;\"><span style=\"vertical-align: inherit;\">AGRO-PECUARIS FORTUNY, SL se reserva el derecho de modificar cualquier tipo de informaci\u00f3n que pueda aparecer en el sitio web, sin la obligaci\u00f3n de preavisar o enterar a los usuarios de estas obligaciones, dado que se considera suficiente la publicaci\u00f3n en el sitio web de AGRO-PECUARIOS FORTUNY, SL.<\/span><\/span><\/p>\n<ol>\n<li><strong><span style=\"vertical-align: inherit;\"><span style=\"vertical-align: inherit;\">DATOS IDENTIFICADORES<\/span><\/span><\/strong><\/li>\n<\/ol>\n<p><span style=\"vertical-align: inherit;\"><span style=\"vertical-align: inherit;\">Nombre del dominio: agrofortuny.com <\/span><\/span><br \/>\n<span style=\"vertical-align: inherit;\"><span style=\"vertical-align: inherit;\">Nombre comercial: <\/span><\/span><br \/>\n<span style=\"vertical-align: inherit;\"><span style=\"vertical-align: inherit;\">Denominaci\u00f3n social: AGRO-PECUARIS FORTUNY, SL <\/span><\/span><br \/>\n<span style=\"vertical-align: inherit;\"><span style=\"vertical-align: inherit;\">NIF: B25338666 <\/span><\/span><br \/>\n<span style=\"vertical-align: inherit;\"><span style=\"vertical-align: inherit;\">Domicilio social: Carretera C-13 km 30, 25680 Vallfogona de Balaguer, Lleida <\/span><\/span><br \/>\n<span style=\"vertical-align: inherit;\"><span style=\"vertical-align: inherit;\">Tel\u00e9fono: 973448424 <\/span><\/span><br \/>\n<span style=\"vertical-align: inherit;\"><span style=\"vertical-align: inherit;\">E-mail: <\/span><\/span><br \/>\n<span style=\"vertical-align: inherit;\"><span style=\"vertical-align: inherit;\">Tomo: 341 Libro Registral: 1 Hoja Registro : 115 Hoja Registral: L6375 Registro Mercantil Lleida.<\/span><\/span><\/p>\n<ol start=\"2\">\n<li><strong><span style=\"vertical-align: inherit;\"><span style=\"vertical-align: inherit;\">DERECHOS DE PROPIEDAD INTELECTUAL E INDUSTRIAL<\/span><\/span><\/strong><\/li>\n<\/ol>\n<p><span style=\"vertical-align: inherit;\"><span style=\"vertical-align: inherit;\">El sitio web, incluyendo a t\u00edtulo enunciativo pero no limitativo su programaci\u00f3n, edici\u00f3n, compilaci\u00f3n y otros elementos necesarios para su funcionamiento, los dise\u00f1os, logotipos, texto y\/o gr\u00e1ficos, son propiedad del RESPONSABLE o, en su caso, dispone de licencia o autorizaci\u00f3n expresa por parte de los autores. Todos los contenidos del sitio web se encuentran debidamente protegidos por la normativa de propiedad intelectual e industrial, as\u00ed como inscritos en los registros p\u00fablicos correspondientes.<\/span><\/span><\/p>\n<p><span style=\"vertical-align: inherit;\"><span style=\"vertical-align: inherit;\">Independientemente de la finalidad para la que fuesen destinados, la reproducci\u00f3n total o parcial, uso, explotaci\u00f3n, distribuci\u00f3n y comercializaci\u00f3n, requiere en todo caso la autorizaci\u00f3n escrita previa por parte del RESPONSABLE. Cualquier uso no autorizado previamente se considerar\u00e1 un incumplimiento grave de los derechos de propiedad intelectual o industrial del autor.<\/span><\/span><\/p>\n<p><span style=\"vertical-align: inherit;\"><span style=\"vertical-align: inherit;\">Los dise\u00f1os, logotipos, texto y\/o gr\u00e1ficos ajenos al RESPONSABLE y que puedan aparecer en el sitio web, pertenecen a sus respectivos propietarios, quienes son responsables de cualquier posible controversia que pueda desprenderse. El RESPONSABLE autoriza expresamente a que terceros puedan redirigir directamente a los contenidos concretos del sitio web, y en todo caso redirigir al sitio web principal de agrofortuny.com.<\/span><\/span><\/p>\n<p><span style=\"vertical-align: inherit;\"><span style=\"vertical-align: inherit;\">El RESPONSABLE reconoce a favor de sus titulares los correspondientes derechos de propiedad intelectual e industrial, sin implicar su sola menci\u00f3n o aparici\u00f3n en el sitio web la existencia de derechos o responsabilidad sobre \u00e9stos, ni el apoyo, patrocinio o recomendaci\u00f3n por parte del RESPONSABLE.<\/span><\/span><\/p>\n<p>Per a efectuar qualsevol tipus d\u2019observaci\u00f3 pel que fa a possibles incompliments dels drets de propietat intel\u00b7lectual o industrial, aix\u00ed com sobre qualsevol dels continguts del lloc web, podeu fer-ho a trav\u00e9s del correu electr\u00f2nic info@agrofortuny.com.<\/p>\n<ol start=\"3\">\n<li><strong> EXEMPCI\u00d3 DE RESPONSABILITATS<\/strong><\/li>\n<\/ol>\n<p>El RESPONSABLE s\u2019eximeix de qualsevol tipus de responsabilitat derivada de la informaci\u00f3 publicada al seu lloc web en cas que aquesta informaci\u00f3 hagi estat manipulada o introdu\u00efda per un tercer ali\u00e8 al RESPONSABLE.<\/p>\n<p><strong>\u00das de <em>Cookies<\/em><\/strong><\/p>\n<p>Pot ser que aquest lloc web utilitzi <em>cookies<\/em> t\u00e8cniques (petits arxius d\u2019informaci\u00f3 que el servidor envia a l\u2019ordinador de qui accedeix a la p\u00e0gina) per dur a terme determinades funcions que es consideren imprescindibles per al correcte funcionament i visualitzaci\u00f3 del web. Les <em>cookies<\/em> utilitzades tenen, en qualsevol cas, car\u00e0cter temporal, amb l\u2019\u00fanica finalitat de fer que la navegaci\u00f3 sigui m\u00e9s eficient, i desapareixen en finalitzar la sessi\u00f3 de l\u2019usuari. En cap cas, aquestes <em>cookies<\/em> no proporcionen per si mateixes dades de car\u00e0cter personal i no s\u2019utilitzaran per a recollir dades d\u2019aquest tipus.<\/p>\n<p>Mitjan\u00e7ant l\u2019\u00fas de <em>cookies<\/em> tamb\u00e9 \u00e9s possible que el servidor on es troba la web reconegui el navegador que utilitza l\u2019usuari, amb la finalitat que la navegaci\u00f3 sigui m\u00e9s senzilla, tot permetent, per exemple, l\u2019acc\u00e9s dels usuaris que s\u2019hagin registrat pr\u00e8viament a les \u00e0rees, serveis, promocions o concursos reservats exclusivament a ells sense haver de registrar-se a cada visita. Tamb\u00e9 es poden utilitzar per a mesurar l\u2019audi\u00e8ncia, par\u00e0metres de tr\u00e0nsit, controlar el progr\u00e9s i el nombre d\u2019entrades, etc. En aquests casos, les <em>cookies<\/em> s\u00f3n prescindibles t\u00e8cnicament per\u00f2 beneficioses per a l\u2019usuari. Aquest lloc web no instal\u00b7lar\u00e0 <em>cookies<\/em> prescindibles sense el consentiment previ de l\u2019usuari.<\/p>\n<p>L\u2019usuari t\u00e9 la possibilitat de configurar el seu navegador per a ser alertat de la recepci\u00f3 de <em>cookies<\/em> i per impedir-ne la instal\u00b7laci\u00f3 al seu equip. Si us plau, consulteu les instruccions del vostre navegador per a ampliar aquesta informaci\u00f3.<\/p>\n<p><strong>Pol\u00edtica d\u2019enlla\u00e7os<\/strong><\/p>\n<p>Des del lloc web, \u00e9s possible que es redirigeixi a continguts de tercers llocs web. At\u00e8s que el RESPONSABLE no pot controlar sempre els continguts introdu\u00efts per tercers en els seus llocs web respectius, no assumeix cap tipus de responsabilitat respecte d\u2019aquests continguts. En qualsevol cas, retirar\u00e0 immediatament qualsevol contingut que pugui transgredir la legislaci\u00f3 nacional o internacional, la moral o l\u2019ordre p\u00fablic, tot retirant immediatament la redirecci\u00f3 a aquest lloc web i assabentant les autoritats competents del contingut en q\u00fcesti\u00f3.<\/p>\n<p><span style=\"vertical-align: inherit;\"><span style=\"vertical-align: inherit;\">El RESPONSABLE no se hace responsable de la informaci\u00f3n y contenidos almacenados, a t\u00edtulo enunciativo pero no limitativo, en foros, chats, generadores de blogs, comentarios, redes sociales o cualquier otro medio que permita a terceros publicar contenidos de forma independiente en la p\u00e1gina web del RESPONSABLE. No obstante, y en cumplimiento de lo establecido en los art\u00edculos 11 y 16 de la LSSICE, se pone a disposici\u00f3n de todos los usuarios, autoridades y fuerzas de seguridad que colaboren de forma activa en la retirada o, en su caso, bloqueo de todos los contenidos que puedan afectar o transgredir a la legislaci\u00f3n nacional o internacional, los derechos de terceros o la moral y el orden p\u00fablico. En caso de que el usuario considere que el sitio web contiene material que pueda ser susceptible de esta clasificaci\u00f3n, le rogamos que lo notifique inmediatamente al administrador del sitio web.<\/span><\/span><\/p>\n<p><span style=\"vertical-align: inherit;\"><span style=\"vertical-align: inherit;\">Este sitio web se ha revisado y probado para que funcione correctamente. En principio, puede garantizarse que funcionar\u00e1 correctamente los 365 d\u00edas del a\u00f1o y las 24 horas al d\u00eda. No obstante, el RESPONSABLE no descarta la posibilidad de que se produzcan errores de programaci\u00f3n, o de que ocurran causas de fuerza mayor, cat\u00e1strofes naturales, huelgas o circunstancias similares que hagan imposible el acceso a la p\u00e1gina web.<\/span><\/span><\/p>\n<p><strong><span style=\"vertical-align: inherit;\"><span style=\"vertical-align: inherit;\">Direcciones IP<\/span><\/span><\/strong><\/p>\n<p><span style=\"vertical-align: inherit;\"><span style=\"vertical-align: inherit;\">Los servidores del sitio web podr\u00e1n detectar autom\u00e1ticamente la direcci\u00f3n IP y el nombre del dominio utilizados por el usuario. Una direcci\u00f3n IP es un n\u00famero asignado autom\u00e1ticamente a un ordenador en cuanto se conecta a Internet. Toda esta informaci\u00f3n queda registrada en un archivo de actividad del servidor que permite procesar los datos posteriormente para obtener mediciones \u00fanicamente estad\u00edsticas que permitan conocer el n\u00famero de impresiones de p\u00e1ginas, el n\u00famero de visitas efectuadas a los servidores web, el orden de visitas, el punto de acceso, etc.<\/span><\/span><\/p>\n<ol start=\"4\">\n<li><strong><span style=\"vertical-align: inherit;\"><span style=\"vertical-align: inherit;\">LEY APLICABLE Y JURISDICCI\u00d3N<\/span><\/span><\/strong><\/li>\n<\/ol>\n<p><span style=\"vertical-align: inherit;\"><span style=\"vertical-align: inherit;\">Para la resoluci\u00f3n de todas las controversias o cuestiones relacionadas con este sitio web o de las actividades que se llevan a cabo, se aplicar\u00e1 la legislaci\u00f3n espa\u00f1ola, a la que se someten expresamente las partes, los cuales tendr\u00e1n competencia suficiente para la resoluci\u00f3n de todos los conflictos derivados o relacionados con su uso los Juzgados y Tribunales m\u00e1s cercanos a HOSTAL NOU.<\/span><\/span><\/p>\n<\/div><\/div><\/div><\/div><\/div>\n","protected":false},"excerpt":{"rendered":"","protected":false},"author":1,"featured_media":0,"parent":0,"menu_order":0,"comment_status":"closed","ping_status":"closed","template":"100-width.php","meta":{"footnotes":""},"class_list":["post-1338","page","type-page","status-publish","hentry"],"yoast_head":"<!-- This site is optimized with the Yoast SEO plugin v23.9 - https:\/\/yoast.com\/wordpress\/plugins\/seo\/ -->\n<title>Aviso legal y condiciones de uso - Agropecuaris Fortuny<\/title>\n<meta name=\"robots\" content=\"index, follow, max-snippet:-1, max-image-preview:large, max-video-preview:-1\" \/>\n<link rel=\"canonical\" href=\"https:\/\/www.agrofortuny.com\/avis-legal\/\" \/>\n<meta property=\"og:locale\" content=\"es_ES\" \/>\n<meta property=\"og:type\" content=\"article\" \/>\n<meta property=\"og:title\" content=\"Aviso legal y condiciones de uso - Agropecuaris Fortuny\" \/>\n<meta property=\"og:url\" content=\"https:\/\/www.agrofortuny.com\/avis-legal\/\" \/>\n<meta property=\"og:site_name\" content=\"Agropecuaris Fortuny\" \/>\n<meta property=\"article:modified_time\" content=\"2024-11-25T10:02:50+00:00\" \/>\n<meta name=\"twitter:card\" content=\"summary_large_image\" \/>\n<meta name=\"twitter:label1\" content=\"Tiempo de lectura\" \/>\n\t<meta name=\"twitter:data1\" content=\"12 minutos\" \/>\n<script type=\"application\/ld+json\" class=\"yoast-schema-graph\">{\"@context\":\"https:\/\/schema.org\",\"@graph\":[{\"@type\":\"WebPage\",\"@id\":\"https:\/\/www.agrofortuny.com\/avis-legal\/\",\"url\":\"https:\/\/www.agrofortuny.com\/avis-legal\/\",\"name\":\"Aviso legal y condiciones de uso - Agropecuaris Fortuny\",\"isPartOf\":{\"@id\":\"https:\/\/www.agrofortuny.com\/#website\"},\"datePublished\":\"2024-11-22T08:51:21+00:00\",\"dateModified\":\"2024-11-25T10:02:50+00:00\",\"breadcrumb\":{\"@id\":\"https:\/\/www.agrofortuny.com\/avis-legal\/#breadcrumb\"},\"inLanguage\":\"es\",\"potentialAction\":[{\"@type\":\"ReadAction\",\"target\":[\"https:\/\/www.agrofortuny.com\/avis-legal\/\"]}]},{\"@type\":\"BreadcrumbList\",\"@id\":\"https:\/\/www.agrofortuny.com\/avis-legal\/#breadcrumb\",\"itemListElement\":[{\"@type\":\"ListItem\",\"position\":1,\"name\":\"Inici\",\"item\":\"https:\/\/www.agrofortuny.com\/es\/\"},{\"@type\":\"ListItem\",\"position\":2,\"name\":\"Aviso legal y condiciones de uso\"}]},{\"@type\":\"WebSite\",\"@id\":\"https:\/\/www.agrofortuny.com\/#website\",\"url\":\"https:\/\/www.agrofortuny.com\/\",\"name\":\"Agropecuaris Fortuny\",\"description\":\"40 anys d&#039;experi\u00e8ncia al servei de l&#039;agricultura\",\"potentialAction\":[{\"@type\":\"SearchAction\",\"target\":{\"@type\":\"EntryPoint\",\"urlTemplate\":\"https:\/\/www.agrofortuny.com\/?s={search_term_string}\"},\"query-input\":{\"@type\":\"PropertyValueSpecification\",\"valueRequired\":true,\"valueName\":\"search_term_string\"}}],\"inLanguage\":\"es\"}]}<\/script>\n<!-- \/ Yoast SEO plugin. -->","yoast_head_json":{"title":"Aviso legal y condiciones de uso - Agropecuaris Fortuny","robots":{"index":"index","follow":"follow","max-snippet":"max-snippet:-1","max-image-preview":"max-image-preview:large","max-video-preview":"max-video-preview:-1"},"canonical":"https:\/\/www.agrofortuny.com\/avis-legal\/","og_locale":"es_ES","og_type":"article","og_title":"Aviso legal y condiciones de uso - Agropecuaris Fortuny","og_url":"https:\/\/www.agrofortuny.com\/avis-legal\/","og_site_name":"Agropecuaris Fortuny","article_modified_time":"2024-11-25T10:02:50+00:00","twitter_card":"summary_large_image","twitter_misc":{"Tiempo de lectura":"12 minutos"},"schema":{"@context":"https:\/\/schema.org","@graph":[{"@type":"WebPage","@id":"https:\/\/www.agrofortuny.com\/avis-legal\/","url":"https:\/\/www.agrofortuny.com\/avis-legal\/","name":"Aviso legal y condiciones de uso - Agropecuaris Fortuny","isPartOf":{"@id":"https:\/\/www.agrofortuny.com\/#website"},"datePublished":"2024-11-22T08:51:21+00:00","dateModified":"2024-11-25T10:02:50+00:00","breadcrumb":{"@id":"https:\/\/www.agrofortuny.com\/avis-legal\/#breadcrumb"},"inLanguage":"es","potentialAction":[{"@type":"ReadAction","target":["https:\/\/www.agrofortuny.com\/avis-legal\/"]}]},{"@type":"BreadcrumbList","@id":"https:\/\/www.agrofortuny.com\/avis-legal\/#breadcrumb","itemListElement":[{"@type":"ListItem","position":1,"name":"Inici","item":"https:\/\/www.agrofortuny.com\/es\/"},{"@type":"ListItem","position":2,"name":"Aviso legal y condiciones de uso"}]},{"@type":"WebSite","@id":"https:\/\/www.agrofortuny.com\/#website","url":"https:\/\/www.agrofortuny.com\/","name":"Agropecuaris Fortuny","description":"40 anys d&#039;experi\u00e8ncia al servei de l&#039;agricultura","potentialAction":[{"@type":"SearchAction","target":{"@type":"EntryPoint","urlTemplate":"https:\/\/www.agrofortuny.com\/?s={search_term_string}"},"query-input":{"@type":"PropertyValueSpecification","valueRequired":true,"valueName":"search_term_string"}}],"inLanguage":"es"}]}},"_links":{"self":[{"href":"https:\/\/www.agrofortuny.com\/es\/wp-json\/wp\/v2\/pages\/1338","targetHints":{"allow":["GET"]}}],"collection":[{"href":"https:\/\/www.agrofortuny.com\/es\/wp-json\/wp\/v2\/pages"}],"about":[{"href":"https:\/\/www.agrofortuny.com\/es\/wp-json\/wp\/v2\/types\/page"}],"author":[{"embeddable":true,"href":"https:\/\/www.agrofortuny.com\/es\/wp-json\/wp\/v2\/users\/1"}],"replies":[{"embeddable":true,"href":"https:\/\/www.agrofortuny.com\/es\/wp-json\/wp\/v2\/comments?post=1338"}],"version-history":[{"count":1,"href":"https:\/\/www.agrofortuny.com\/es\/wp-json\/wp\/v2\/pages\/1338\/revisions"}],"predecessor-version":[{"id":1339,"href":"https:\/\/www.agrofortuny.com\/es\/wp-json\/wp\/v2\/pages\/1338\/revisions\/1339"}],"wp:attachment":[{"href":"https:\/\/www.agrofortuny.com\/es\/wp-json\/wp\/v2\/media?parent=1338"}],"curies":[{"name":"wp","href":"https:\/\/api.w.org\/{rel}","templated":true}]}}