{"id":1340,"date":"2024-11-22T08:53:04","date_gmt":"2024-11-22T08:53:04","guid":{"rendered":"https:\/\/www.agrofortuny.com\/politica-de-cookies\/"},"modified":"2024-11-25T10:03:45","modified_gmt":"2024-11-25T10:03:45","slug":"politica-de-cookies","status":"publish","type":"page","link":"https:\/\/www.agrofortuny.com\/es\/politica-de-cookies\/","title":{"rendered":"Pol\u00edtica de cookies"},"content":{"rendered":"<div class=\"fusion-fullwidth fullwidth-box fusion-builder-row-1 fusion-flex-container has-pattern-background has-mask-background nonhundred-percent-fullwidth non-hundred-percent-height-scrolling\" style=\"--awb-border-radius-top-left:0px;--awb-border-radius-top-right:0px;--awb-border-radius-bottom-right:0px;--awb-border-radius-bottom-left:0px;--awb-flex-wrap:wrap;\" ><div class=\"fusion-builder-row fusion-row fusion-flex-align-items-flex-start fusion-flex-content-wrap\" style=\"max-width:1248px;margin-left: calc(-4% \/ 2 );margin-right: calc(-4% \/ 2 );\"><div class=\"fusion-layout-column fusion_builder_column fusion-builder-column-0 fusion_builder_column_1_1 1_1 fusion-flex-column\" style=\"--awb-bg-size:cover;--awb-width-large:100%;--awb-margin-top-large:0px;--awb-spacing-right-large:1.92%;--awb-margin-bottom-large:0px;--awb-spacing-left-large:1.92%;--awb-width-medium:100%;--awb-order-medium:0;--awb-spacing-right-medium:1.92%;--awb-spacing-left-medium:1.92%;--awb-width-small:100%;--awb-order-small:0;--awb-spacing-right-small:1.92%;--awb-spacing-left-small:1.92%;\"><div class=\"fusion-column-wrapper fusion-column-has-shadow fusion-flex-justify-content-flex-start fusion-content-layout-column\"><div class=\"fusion-text fusion-text-1\"><p><strong><span style=\"vertical-align: inherit;\"><span style=\"vertical-align: inherit;\">INFORMACI\u00d3N SOBRE COOKIES<\/span><\/span><\/strong><\/p>\n<p><span style=\"vertical-align: inherit;\"><span style=\"vertical-align: inherit;\">Debido a la entrada en vigor de la referente modificaci\u00f3n de la Ley de Servicios de la Sociedad de la Informaci\u00f3n (LSSICE) establecida por el Real Decreto 13\/2012, es obligado obtener el consentimiento expreso del usuario de todas las p\u00e1ginas web que utilizan <\/span><\/span><em><span style=\"vertical-align: inherit;\"><span style=\"vertical-align: inherit;\">cookies<\/span><\/span><\/em><span style=\"vertical-align: inherit;\"><span style=\"vertical-align: inherit;\"> prescindibles, antes de que \u00e9ste navegue por ellas.<\/span><\/span><\/p>\n<p><strong><span style=\"vertical-align: inherit;\"><span style=\"vertical-align: inherit;\">\u00bfQU\u00c9 SON LAS COOKIES?<\/span><\/span><\/strong><\/p>\n<p><span style=\"vertical-align: inherit;\"><span style=\"vertical-align: inherit;\">Las <\/span><\/span><em><span style=\"vertical-align: inherit;\"><span style=\"vertical-align: inherit;\">cookies<\/span><\/span><\/em><span style=\"vertical-align: inherit;\"><span style=\"vertical-align: inherit;\"> y otras tecnolog\u00edas similares como local shared objects, flash <\/span><\/span><em><span style=\"vertical-align: inherit;\"><span style=\"vertical-align: inherit;\">cookies<\/span><\/span><\/em><span style=\"vertical-align: inherit;\"><span style=\"vertical-align: inherit;\"> o p\u00edxeles, son herramientas utilizadas por los servidores Web para almacenar y recuperar informaci\u00f3n sobre sus visitantes, as\u00ed como para ofrecer un correcto funcionamiento del sitio.<\/span><\/span><\/p>\n<p><span style=\"vertical-align: inherit;\"><span style=\"vertical-align: inherit;\">Mediante el uso de estos dispositivos se permite al servidor Web recordar algunos datos referentes al usuario, como sus preferencias para la visualizaci\u00f3n de las p\u00e1ginas de ese servidor, nombre y contrase\u00f1a, productos que m\u00e1s le interesan, etc.<\/span><\/span><\/p>\n<p><strong><em><span style=\"vertical-align: inherit;\"><span style=\"vertical-align: inherit;\">COOKIES<\/span><\/span><\/em><\/strong><strong><span style=\"vertical-align: inherit;\"><span style=\"vertical-align: inherit;\"> AFECTADAS POR LA NORMATIVA Y COOKIES EXCEPTUADAS<\/span><\/span><\/strong><\/p>\n<p><span style=\"vertical-align: inherit;\"><span style=\"vertical-align: inherit;\">Seg\u00fan la directiva de la UE, las <\/span><\/span><em><span style=\"vertical-align: inherit;\"><span style=\"vertical-align: inherit;\">cookies<\/span><\/span><\/em><span style=\"vertical-align: inherit;\"><span style=\"vertical-align: inherit;\"> que requieren el consentimiento informado por parte del usuario son las <\/span><\/span><em><span style=\"vertical-align: inherit;\"><span style=\"vertical-align: inherit;\">cookies<\/span><\/span><\/em><span style=\"vertical-align: inherit;\"><span style=\"vertical-align: inherit;\"> anal\u00edticas y las de publicidad y afiliaci\u00f3n, quedando exceptuadas las de car\u00e1cter t\u00e9cnico y las necesarias para el funcionamiento del sitio web o la prestaci\u00f3n de servicios expresamente solicitados por el usuario.<\/span><\/span><\/p>\n<p><strong><span style=\"vertical-align: inherit;\"><span style=\"vertical-align: inherit;\">TIPO DE COOKIES<\/span><\/span><\/strong><\/p>\n<p><strong><span style=\"vertical-align: inherit;\"><span style=\"vertical-align: inherit;\">SEG\u00daN LA FINALIDAD<\/span><\/span><\/strong><\/p>\n<ul>\n<li><em><strong><span style=\"vertical-align: inherit;\"><span style=\"vertical-align: inherit;\">Cookies<\/span><\/span><\/strong><\/em><strong><span style=\"vertical-align: inherit;\"><span style=\"vertical-align: inherit;\"> t\u00e9cnicas y funcionales<\/span><\/span><\/strong><span style=\"vertical-align: inherit;\"><span style=\"vertical-align: inherit;\"> : son las que permiten al usuario navegar a trav\u00e9s de una p\u00e1gina web, plataforma o aplicaci\u00f3n y utilizar las diferentes opciones o servicios que haya<\/span><\/span><em><span style=\"vertical-align: inherit;\"><span style=\"vertical-align: inherit;\"> .<\/span><\/span><\/em><\/li>\n<li><em><strong><span style=\"vertical-align: inherit;\"><span style=\"vertical-align: inherit;\">Cookies<\/span><\/span><\/strong><\/em><strong><span style=\"vertical-align: inherit;\"><span style=\"vertical-align: inherit;\"> de an\u00e1lisis<\/span><\/span><\/strong><span style=\"vertical-align: inherit;\"><span style=\"vertical-align: inherit;\"> : son las que permiten al responsable de \u00e9stas monitorizar y analizar el comportamiento de los usuarios de los sitios web a los que est\u00e1n vinculados. La informaci\u00f3n recogida mediante este tipo de<\/span><\/span><em><span style=\"vertical-align: inherit;\"><span style=\"vertical-align: inherit;\"> cookies<\/span><\/span><\/em><span style=\"vertical-align: inherit;\"><span style=\"vertical-align: inherit;\"> se utiliza en la medici\u00f3n de la actividad de los sitios web, aplicaci\u00f3n o plataforma y para elaborar perfiles de navegaci\u00f3n de los usuarios de estos sitios, aplicaciones y plataformas, a fin de introducir mejoras en funci\u00f3n del an\u00e1lisis de los datos de uso que realizan los usuarios del servicio.<\/span><\/span><\/li>\n<li><em><strong><span style=\"vertical-align: inherit;\"><span style=\"vertical-align: inherit;\">Cookies<\/span><\/span><\/strong><\/em> <strong><span style=\"vertical-align: inherit;\"><span style=\"vertical-align: inherit;\"> publicitarias:<\/span><\/span><\/strong><span style=\"vertical-align: inherit;\"><span style=\"vertical-align: inherit;\"> son aquellas que permiten gestionar, de la forma m\u00e1s eficaz posible, los espacios publicitarios que, en su caso, el editor haya incluido en una p\u00e1gina web, aplicaci\u00f3n o plataforma desde la que presta el servicio solicitado seg\u00fan criterios como el contenido editado o la frecuencia en la que se muestran los anuncios.<\/span><\/span><\/li>\n<li><em><strong><span style=\"vertical-align: inherit;\"><span style=\"vertical-align: inherit;\">Cookies<\/span><\/span><\/strong><\/em><strong><span style=\"vertical-align: inherit;\"><span style=\"vertical-align: inherit;\"> de publicidad comportamental<\/span><\/span><\/strong><span style=\"vertical-align: inherit;\"><span style=\"vertical-align: inherit;\"> : recogen informaci\u00f3n sobre las preferencias y elecciones personales del usuario (<\/span><\/span><em><span style=\"vertical-align: inherit;\"><span style=\"vertical-align: inherit;\"> retargeting<\/span><\/span><\/em><span style=\"vertical-align: inherit;\"><span style=\"vertical-align: inherit;\"> ) para permitir gestionar, de la forma m\u00e1s eficaz posible, los espacios publicitarios que, en su caso, el editor haya incluido en una p\u00e1gina web, aplicaci\u00f3n o plataforma desde la que presta el servicio solicitado.<\/span><\/span><\/li>\n<li><em><strong><span style=\"vertical-align: inherit;\"><span style=\"vertical-align: inherit;\">Cookies<\/span><\/span><\/strong><\/em><strong><span style=\"vertical-align: inherit;\"><span style=\"vertical-align: inherit;\"> sociales<\/span><\/span><\/strong><span style=\"vertical-align: inherit;\"><span style=\"vertical-align: inherit;\"> : son aquellas que han sido instaladas por las plataformas de redes sociales en los servicios para permitirle compartir contenido con sus amigos y redes. Las plataformas de medios sociales tienen la capacidad de rastrear su actividad online fuera de los Servicios. Esto puede afectar al contenido y mensajes que ve en otros servicios que visite.<\/span><\/span><\/li>\n<li><em><strong>Cookies <\/strong><\/em><strong>d\u2019afiliats<\/strong>: permeten fer un seguiment de les visites procedents d\u2019altres webs, amb les quals el lloc web estableix un contracte d\u2019afiliaci\u00f3 (empreses d\u2019afiliaci\u00f3).<\/li>\n<li><em><strong>Cookies <\/strong><\/em><strong>de seguretat<\/strong>: emmagatzemen informaci\u00f3 xifrada per evitar que les dades que s\u2019hi guarden siguin vulnerables a atacs maliciosos de tercers.<\/li>\n<\/ul>\n<p><strong>SEGONS LA PROPIETAT<\/strong><\/p>\n<ul>\n<li><em><strong>Cookies<\/strong><\/em><strong> pr\u00f2pies<\/strong>: s\u00f3n les que s\u2019envien a l\u2019equip terminal de l\u2019usuari des d\u2019un equip o domini gestionat pel propi editor i des del qual es proporciona el servei sol\u00b7licitat per l\u2019usuari.<\/li>\n<li><em><strong>Cookies<\/strong><\/em> <strong>de tercers:<\/strong> s\u00f3n les que s\u2019envien a l\u2019equip terminal de l\u2019usuari des d\u2019un equip o domini que no \u00e9s gestionat per l\u2019editor, sin\u00f3 per una altra entitat que tracta les dades obtingudes mitjan\u00e7ant les cookies.<\/li>\n<\/ul>\n<p><strong>SEGONS EL TERMINI DE CONSERVACI\u00d3<\/strong><\/p>\n<ul>\n<li><em><strong>Cookies<\/strong><\/em><strong> de sessi\u00f3:<\/strong> s\u00f3n un tipus de <em>cookies<\/em> dissenyades per obtenir i emmagatzemar dades mentre l\u2019usuari accedeix a una p\u00e0gina web.<\/li>\n<li><em><strong>Cookies<\/strong><\/em><strong> persistents:<\/strong> s\u00f3n un tipus de cookies en qu\u00e8 les dades segueixen emmagatzemades en el terminal i poden ser accedides i tractades durant un per\u00edode definit pel responsable de la <em>cookie<\/em>, i que durar des d\u2019uns minuts a diversos anys.<\/li>\n<\/ul>\n<p><strong>TRACTAMENT DE DADES PERSONALS<\/strong><\/p>\n<p>AGRO-PECUARIS FORTUNY, S.L. \u00e9s el <strong>Responsable del tractament<\/strong> de les dades personals de l\u2019<strong>Interessat<\/strong> i l\u2019informa que aquestes dades es tractaran de conformitat amb el que estableix el Reglament (UE) 2016\/679, de 27 d\u2019abril de 2016 (GDPR), per la qual cosa se li facilita la seg\u00fcent informaci\u00f3 del tractament:<\/p>\n<p><strong>Finalitats del tractament: <\/strong>segons s\u2019especifica en l\u2019apartat de <em>cookies <\/em>que s\u2019utilitzen en aquest lloc web.<\/p>\n<p><strong>Legitimaci\u00f3 del tractament<\/strong>: per consentiment de l\u2019interessat (art. 6.1 GDPR).<\/p>\n<p><strong>Criteris de conservaci\u00f3 de les dades<\/strong>: segons s\u2019especifica en l\u2019apartat de <em>cookies <\/em>utilitzades al web.<\/p>\n<p><strong>Comunicaci\u00f3 de les dades<\/strong>: no es comunicaran les dades a tercers, excepte en cookies propietat de tercers o per obligaci\u00f3 legal.<\/p>\n<p><strong>Drets que t\u00e9 l\u2019Interessat<\/strong>:<\/p>\n<p>&#8211; Dret a retirar el consentiment en qualsevol moment.<br \/>\nDret d\u2019acc\u00e9s, rectificaci\u00f3, portabilitat i supressi\u00f3 de les seves dades i de limitaci\u00f3 o oposici\u00f3 al seu tractament.<br \/>\n&#8211; Dret a presentar una reclamaci\u00f3 davant l\u2019Autoritat de control (www.aepd.es) si considera que el tractament no s\u2019ajusta a la normativa vigent.<\/p>\n<p><strong>Dades de contacte per exercir els seus drets:<\/strong><\/p>\n<p>AGRO-PECUARIS FORTUNY, S.L.. Carretera C-13 KM 30, &#8211; 25680 HOSTAL NOU (Lleida). E-mail: info@agrofortuny.com<\/p>\n<p><strong>COOKIES UTILITZADES EN AQUEST LLOC WEB<\/strong><\/p>\n<h4>COOKIES CONTROLADES PER L\u2019EDITOR<\/h4>\n<h4>T\u00e8cniques i funcional<\/h4>\n<table width=\"100%\">\n<tbody>\n<tr>\n<td width=\"19%\"><strong>Propietat<\/strong><\/td>\n<td width=\"17%\"><strong>Cookie<\/strong><\/td>\n<td><strong>Finalitat<\/strong><\/td>\n<td width=\"15%\"><strong>Pla\u00e7<\/strong><\/td>\n<\/tr>\n<tr>\n<td>agrofortuny.com<\/td>\n<td><strong><span style=\"vertical-align: inherit;\"><span style=\"vertical-align: inherit;\">_icl_current_language<\/span><\/span><\/strong><\/td>\n<td><span style=\"vertical-align: inherit;\"><span style=\"vertical-align: inherit;\">Se utiliza para recordar el idioma que ha seleccionado el usuario y mostrarle los contenidos en ese mismo idioma durante su navegaci\u00f3n<\/span><\/span><\/td>\n<td><span style=\"vertical-align: inherit;\"><span style=\"vertical-align: inherit;\">en 20 horas<\/span><\/span><\/td>\n<\/tr>\n<tr>\n<td><span style=\"vertical-align: inherit;\"><span style=\"vertical-align: inherit;\">agrofortuny.com<\/span><\/span><\/td>\n<td><strong><span style=\"vertical-align: inherit;\"><span style=\"vertical-align: inherit;\">viewed_cookie_policy<\/span><\/span><\/strong><\/td>\n<td><span style=\"vertical-align: inherit;\"><span style=\"vertical-align: inherit;\">Se utiliza para recordar sus preferencias en cuanto a la Pol\u00edtica de Cookies establecida<\/span><\/span><\/td>\n<td><span style=\"vertical-align: inherit;\"><span style=\"vertical-align: inherit;\">en un a\u00f1o<\/span><\/span><\/td>\n<\/tr>\n<\/tbody>\n<\/table>\n<h4><span style=\"vertical-align: inherit;\"><span style=\"vertical-align: inherit;\">COOKIES DE TERCEROS<\/span><\/span><\/h4>\n<p><span style=\"vertical-align: inherit;\"><span style=\"vertical-align: inherit;\">Los servicios de terceros son ajenos al control del editor. Los proveedores pueden modificar en cualquier momento sus condiciones de servicio, finalidad y uso de cookies, etc.<\/span><\/span><\/p>\n<p><strong><span style=\"vertical-align: inherit;\"><span style=\"vertical-align: inherit;\">Proveedores externos de este sitio web:<\/span><\/span><\/strong><\/p>\n<p><span style=\"vertical-align: inherit;\"><span style=\"vertical-align: inherit;\">No se instalan cookies controladas por terceros<\/span><\/span><\/p>\n<table width=\"100%\">\n<tbody>\n<tr>\n<td width=\"100%\"><strong><span style=\"vertical-align: inherit;\"><span style=\"vertical-align: inherit;\">PANEL DE CONFIGURACI\u00d3N DE COOKIES<\/span><\/span><\/strong><\/td>\n<\/tr>\n<\/tbody>\n<\/table>\n<p><span style=\"vertical-align: inherit;\"><span style=\"vertical-align: inherit;\">Desde este panel puede configurar las cookies que el sitio web puede instalar en su navegador, salvo las cookies t\u00e9cnicas o funcionales que son necesarias para la navegaci\u00f3n y utilizaci\u00f3n de las diferentes opciones o servicios que se ofrecen.<\/span><\/span><\/p>\n<p><span style=\"vertical-align: inherit;\"><span style=\"vertical-align: inherit;\">Panel de cookies<\/span><\/span><\/p>\n<table width=\"100%\">\n<tbody>\n<tr>\n<td colspan=\"2\" width=\"100%\"><strong><span style=\"vertical-align: inherit;\"><span style=\"vertical-align: inherit;\">C\u00d3MO GESTIONAR LAS COOKIES DESDE EL NAVEGADOR<\/span><\/span><\/strong><\/td>\n<\/tr>\n<tr>\n<td width=\"30\"><strong><span style=\"vertical-align: inherit;\"><span style=\"vertical-align: inherit;\">Eliminar las cookies del dispositivo<\/span><\/span><\/strong><\/td>\n<td width=\"70%\"><span style=\"vertical-align: inherit;\"><span style=\"vertical-align: inherit;\">Las cookies que ya se encuentran en un dispositivo se pueden eliminar borrando el historial del navegador, por lo que se suprimen las cookies de todos los sitios web visitados. <\/span><\/span><br \/>\n<span style=\"vertical-align: inherit;\"><span style=\"vertical-align: inherit;\">Sin embargo, tambi\u00e9n puede perderse parte de la informaci\u00f3n guardada (por ejemplo, los datos de inicio de sesi\u00f3n o las preferencias de sitio web).<\/span><\/span><\/td>\n<\/tr>\n<tr>\n<td width=\"30%\"><strong><span style=\"vertical-align: inherit;\"><span style=\"vertical-align: inherit;\">Gestionar las cookies espec\u00edficas del sitio<\/span><\/span><\/strong><\/td>\n<td width=\"70%\"><span style=\"vertical-align: inherit;\"><span style=\"vertical-align: inherit;\">Para tener un control m\u00e1s preciso de las cookies espec\u00edficas de cada sitio, los usuarios pueden ajustar su configuraci\u00f3n de privacidad y cookies en el navegador.<\/span><\/span><\/td>\n<\/tr>\n<tr>\n<td width=\"30%\"><strong><span style=\"vertical-align: inherit;\"><span style=\"vertical-align: inherit;\">Bloquear las cookies<\/span><\/span><\/strong><\/td>\n<td width=\"70%\"><span style=\"vertical-align: inherit;\"><span style=\"vertical-align: inherit;\">Aunque la mayor\u00eda de los navegadores modernos se pueden configurar para evitar que se instalen cookies en los dispositivos, esto puede obligar a ajustar manualmente determinadas preferencias cada vez que se visite un sitio o p\u00e1gina. funcionar correctamente (por ejemplo, los inicios de sesi\u00f3n con perfil).<\/span><\/span><\/td>\n<\/tr>\n<\/tbody>\n<\/table>\n<table width=\"100%\">\n<tbody>\n<tr>\n<td colspan=\"2\" width=\"100%\"><strong><span style=\"vertical-align: inherit;\"><span style=\"vertical-align: inherit;\">C\u00d3MO ELIMINAR LAS COOKIES DE LOS NAVEGADORES M\u00c1S COMUNES<\/span><\/span><\/strong><\/td>\n<\/tr>\n<tr>\n<td width=\"30\"><strong><span style=\"vertical-align: inherit;\"><span style=\"vertical-align: inherit;\">Chrome<\/span><\/span><\/strong><\/td>\n<td width=\"70%\"><a href=\"http:\/\/support.google.com\/chrome\/answer\/95647?hl=es\"><span style=\"vertical-align: inherit;\"><span style=\"vertical-align: inherit;\">http:\/\/support.google.com\/chrome\/answer\/95647?hl=es<\/span><\/span><\/a><\/td>\n<\/tr>\n<tr>\n<td width=\"30%\"><strong><span style=\"vertical-align: inherit;\"><span style=\"vertical-align: inherit;\">Internet Explorer. Versi\u00f3n 11<\/span><\/span><\/strong><\/td>\n<td width=\"70%\"><a href=\"https:\/\/support.microsoft.com\/es-es\/help\/278835\/how-to-delete-cookie-files-in-internet-explorer\"><span style=\"vertical-align: inherit;\"><span style=\"vertical-align: inherit;\">https:\/\/support.microsoft.com\/es-es\/help\/278835\/how-to-delete-cookie-files-in-internet-explorer<\/span><\/span><\/a><\/td>\n<\/tr>\n<tr>\n<td width=\"30%\"><strong><span style=\"vertical-align: inherit;\"><span style=\"vertical-align: inherit;\">Firefox. Versi\u00f3n 65.0.1<\/span><\/span><\/strong><\/td>\n<td width=\"70%\"><a href=\"https:\/\/www.mozilla.org\/es-ES\/privacy\/websites\/#cookies\"><span style=\"vertical-align: inherit;\"><span style=\"vertical-align: inherit;\">https:\/\/www.mozilla.org\/es-ES\/privacy\/websites\/#cookies<\/span><\/span><\/a><\/td>\n<\/tr>\n<tr>\n<td width=\"30%\"><strong><span style=\"vertical-align: inherit;\"><span style=\"vertical-align: inherit;\">Safari Versi\u00f3n 5.1<\/span><\/span><\/strong><\/td>\n<td width=\"70%\"><a href=\"https:\/\/support.apple.com\/es-es\/guide\/safari\/sfri11471\/mac\"><span style=\"vertical-align: inherit;\"><span style=\"vertical-align: inherit;\">https:\/\/support.apple.com\/es-es\/guide\/safari\/sfri11471\/mac<\/span><\/span><\/a><\/td>\n<\/tr>\n<tr>\n<td width=\"30%\"><strong><span style=\"vertical-align: inherit;\"><span style=\"vertical-align: inherit;\">Opera<\/span><\/span><\/strong><\/td>\n<td width=\"70%\"><a href=\"https:\/\/help.opera.com\/en\/latest\/security-and-privacy\/#clearBrowsingData\"><span style=\"vertical-align: inherit;\"><span style=\"vertical-align: inherit;\">https:\/\/help.opera.com\/en\/latest\/security-and-privacy\/#clearBrowsingData<\/span><\/span><\/a><\/td>\n<\/tr>\n<\/tbody>\n<\/table>\n<\/div><\/div><\/div><\/div><\/div>\n","protected":false},"excerpt":{"rendered":"","protected":false},"author":1,"featured_media":0,"parent":0,"menu_order":0,"comment_status":"closed","ping_status":"closed","template":"100-width.php","meta":{"footnotes":""},"class_list":["post-1340","page","type-page","status-publish","hentry"],"yoast_head":"<!-- This site is optimized with the Yoast SEO plugin v23.9 - https:\/\/yoast.com\/wordpress\/plugins\/seo\/ -->\n<title>Pol\u00edtica de cookies - Agropecuaris Fortuny<\/title>\n<meta name=\"robots\" content=\"index, follow, max-snippet:-1, max-image-preview:large, max-video-preview:-1\" \/>\n<link rel=\"canonical\" href=\"https:\/\/www.agrofortuny.com\/politica-de-cookies\/\" \/>\n<meta property=\"og:locale\" content=\"es_ES\" \/>\n<meta property=\"og:type\" content=\"article\" \/>\n<meta property=\"og:title\" content=\"Pol\u00edtica de cookies - Agropecuaris Fortuny\" \/>\n<meta property=\"og:url\" content=\"https:\/\/www.agrofortuny.com\/politica-de-cookies\/\" \/>\n<meta property=\"og:site_name\" content=\"Agropecuaris Fortuny\" \/>\n<meta property=\"article:modified_time\" content=\"2024-11-25T10:03:45+00:00\" \/>\n<meta name=\"twitter:card\" content=\"summary_large_image\" \/>\n<meta name=\"twitter:label1\" content=\"Tiempo de lectura\" \/>\n\t<meta name=\"twitter:data1\" content=\"12 minutos\" \/>\n<script type=\"application\/ld+json\" class=\"yoast-schema-graph\">{\"@context\":\"https:\/\/schema.org\",\"@graph\":[{\"@type\":\"WebPage\",\"@id\":\"https:\/\/www.agrofortuny.com\/politica-de-cookies\/\",\"url\":\"https:\/\/www.agrofortuny.com\/politica-de-cookies\/\",\"name\":\"Pol\u00edtica de cookies - Agropecuaris Fortuny\",\"isPartOf\":{\"@id\":\"https:\/\/www.agrofortuny.com\/#website\"},\"datePublished\":\"2024-11-22T08:53:04+00:00\",\"dateModified\":\"2024-11-25T10:03:45+00:00\",\"breadcrumb\":{\"@id\":\"https:\/\/www.agrofortuny.com\/politica-de-cookies\/#breadcrumb\"},\"inLanguage\":\"es\",\"potentialAction\":[{\"@type\":\"ReadAction\",\"target\":[\"https:\/\/www.agrofortuny.com\/politica-de-cookies\/\"]}]},{\"@type\":\"BreadcrumbList\",\"@id\":\"https:\/\/www.agrofortuny.com\/politica-de-cookies\/#breadcrumb\",\"itemListElement\":[{\"@type\":\"ListItem\",\"position\":1,\"name\":\"Inici\",\"item\":\"https:\/\/www.agrofortuny.com\/es\/\"},{\"@type\":\"ListItem\",\"position\":2,\"name\":\"Pol\u00edtica de cookies\"}]},{\"@type\":\"WebSite\",\"@id\":\"https:\/\/www.agrofortuny.com\/#website\",\"url\":\"https:\/\/www.agrofortuny.com\/\",\"name\":\"Agropecuaris Fortuny\",\"description\":\"40 anys d&#039;experi\u00e8ncia al servei de l&#039;agricultura\",\"potentialAction\":[{\"@type\":\"SearchAction\",\"target\":{\"@type\":\"EntryPoint\",\"urlTemplate\":\"https:\/\/www.agrofortuny.com\/?s={search_term_string}\"},\"query-input\":{\"@type\":\"PropertyValueSpecification\",\"valueRequired\":true,\"valueName\":\"search_term_string\"}}],\"inLanguage\":\"es\"}]}<\/script>\n<!-- \/ Yoast SEO plugin. -->","yoast_head_json":{"title":"Pol\u00edtica de cookies - Agropecuaris Fortuny","robots":{"index":"index","follow":"follow","max-snippet":"max-snippet:-1","max-image-preview":"max-image-preview:large","max-video-preview":"max-video-preview:-1"},"canonical":"https:\/\/www.agrofortuny.com\/politica-de-cookies\/","og_locale":"es_ES","og_type":"article","og_title":"Pol\u00edtica de cookies - Agropecuaris Fortuny","og_url":"https:\/\/www.agrofortuny.com\/politica-de-cookies\/","og_site_name":"Agropecuaris Fortuny","article_modified_time":"2024-11-25T10:03:45+00:00","twitter_card":"summary_large_image","twitter_misc":{"Tiempo de lectura":"12 minutos"},"schema":{"@context":"https:\/\/schema.org","@graph":[{"@type":"WebPage","@id":"https:\/\/www.agrofortuny.com\/politica-de-cookies\/","url":"https:\/\/www.agrofortuny.com\/politica-de-cookies\/","name":"Pol\u00edtica de cookies - Agropecuaris Fortuny","isPartOf":{"@id":"https:\/\/www.agrofortuny.com\/#website"},"datePublished":"2024-11-22T08:53:04+00:00","dateModified":"2024-11-25T10:03:45+00:00","breadcrumb":{"@id":"https:\/\/www.agrofortuny.com\/politica-de-cookies\/#breadcrumb"},"inLanguage":"es","potentialAction":[{"@type":"ReadAction","target":["https:\/\/www.agrofortuny.com\/politica-de-cookies\/"]}]},{"@type":"BreadcrumbList","@id":"https:\/\/www.agrofortuny.com\/politica-de-cookies\/#breadcrumb","itemListElement":[{"@type":"ListItem","position":1,"name":"Inici","item":"https:\/\/www.agrofortuny.com\/es\/"},{"@type":"ListItem","position":2,"name":"Pol\u00edtica de cookies"}]},{"@type":"WebSite","@id":"https:\/\/www.agrofortuny.com\/#website","url":"https:\/\/www.agrofortuny.com\/","name":"Agropecuaris Fortuny","description":"40 anys d&#039;experi\u00e8ncia al servei de l&#039;agricultura","potentialAction":[{"@type":"SearchAction","target":{"@type":"EntryPoint","urlTemplate":"https:\/\/www.agrofortuny.com\/?s={search_term_string}"},"query-input":{"@type":"PropertyValueSpecification","valueRequired":true,"valueName":"search_term_string"}}],"inLanguage":"es"}]}},"_links":{"self":[{"href":"https:\/\/www.agrofortuny.com\/es\/wp-json\/wp\/v2\/pages\/1340","targetHints":{"allow":["GET"]}}],"collection":[{"href":"https:\/\/www.agrofortuny.com\/es\/wp-json\/wp\/v2\/pages"}],"about":[{"href":"https:\/\/www.agrofortuny.com\/es\/wp-json\/wp\/v2\/types\/page"}],"author":[{"embeddable":true,"href":"https:\/\/www.agrofortuny.com\/es\/wp-json\/wp\/v2\/users\/1"}],"replies":[{"embeddable":true,"href":"https:\/\/www.agrofortuny.com\/es\/wp-json\/wp\/v2\/comments?post=1340"}],"version-history":[{"count":1,"href":"https:\/\/www.agrofortuny.com\/es\/wp-json\/wp\/v2\/pages\/1340\/revisions"}],"predecessor-version":[{"id":1341,"href":"https:\/\/www.agrofortuny.com\/es\/wp-json\/wp\/v2\/pages\/1340\/revisions\/1341"}],"wp:attachment":[{"href":"https:\/\/www.agrofortuny.com\/es\/wp-json\/wp\/v2\/media?parent=1340"}],"curies":[{"name":"wp","href":"https:\/\/api.w.org\/{rel}","templated":true}]}}